{"id":8,"date":"2019-12-25T16:05:58","date_gmt":"2019-12-25T16:05:58","guid":{"rendered":"http:\/\/priede.gfd.lv\/?page_id=8"},"modified":"2025-02-02T18:09:40","modified_gmt":"2025-02-02T18:09:40","slug":"home","status":"publish","type":"page","link":"https:\/\/priedemasaza.lv\/","title":{"rendered":"Artis Priede"},"content":{"rendered":"\n<p id=\"galvenais\">Profesion\u0101ls masieris &#8211; sertific\u0113ta \u0101rstniec\u012bbas persona.<br>\u0100rstniecisk\u0101 mas\u0101\u017ea Siguld\u0101.<\/p>\n","protected":false},"excerpt":{"rendered":"<p>Profesion\u0101ls masieris &#8211; sertific\u0113ta \u0101rstniec\u012bbas persona.\u0100rstniecisk\u0101 mas\u0101\u017ea Siguld\u0101.<\/p>\n","protected":false},"author":1,"featured_media":0,"parent":0,"menu_order":0,"comment_status":"closed","ping_status":"closed","template":"","meta":[],"_links":{"self":[{"href":"https:\/\/priedemasaza.lv\/index.php?rest_route=\/wp\/v2\/pages\/8"}],"collection":[{"href":"https:\/\/priedemasaza.lv\/index.php?rest_route=\/wp\/v2\/pages"}],"about":[{"href":"https:\/\/priedemasaza.lv\/index.php?rest_route=\/wp\/v2\/types\/page"}],"author":[{"embeddable":true,"href":"https:\/\/priedemasaza.lv\/index.php?rest_route=\/wp\/v2\/users\/1"}],"replies":[{"embeddable":true,"href":"https:\/\/priedemasaza.lv\/index.php?rest_route=%2Fwp%2Fv2%2Fcomments&post=8"}],"version-history":[{"count":5,"href":"https:\/\/priedemasaza.lv\/index.php?rest_route=\/wp\/v2\/pages\/8\/revisions"}],"predecessor-version":[{"id":72,"href":"https:\/\/priedemasaza.lv\/index.php?rest_route=\/wp\/v2\/pages\/8\/revisions\/72"}],"wp:attachment":[{"href":"https:\/\/priedemasaza.lv\/index.php?rest_route=%2Fwp%2Fv2%2Fmedia&parent=8"}],"curies":[{"name":"wp","href":"https:\/\/api.w.org\/{rel}","templated":true}]}}